{"id":2793,"date":"2024-03-27T11:26:32","date_gmt":"2024-03-27T11:26:32","guid":{"rendered":"https:\/\/beset.com.tr\/ekibimiz\/"},"modified":"2025-10-14T07:03:47","modified_gmt":"2025-10-14T07:03:47","slug":"our-team","status":"publish","type":"page","link":"https:\/\/beset.com.tr\/en\/our-team\/","title":{"rendered":"Our Team"},"content":{"rendered":"<div class=\"wpb-content-wrapper\"><p>[vc_row overlay_dotted=&#8221;&#8221; el_class=&#8221;container&#8221; css=&#8221;.vc_custom_1711534557474{padding-top: 70px !important;padding-bottom: 40px !important;}&#8221;][vc_column css=&#8221;.vc_custom_1494933660433{padding-right: 0px !important;padding-left: 0px !important;}&#8221;][vc_custom_heading source=&#8221;post_title&#8221; font_container=&#8221;tag:h1|text_align:center&#8221; use_theme_fonts=&#8221;yes&#8221;][vc_empty_space height=&#8221;35px&#8221;]    <div class=\"brxy-team  brxy-team-69e7332a5f0e3 ourteam\"> <!-- team Starts -->\n      <div class=\"container\">\n        <div class=\"team-wrap\">\n          <div class=\"row\">\n                    <div class=\"col-lg-4 col-md-4 col-sm-12\">\n            <div class=\"mate-list\">\n              <div class=\"mate-picture\">\n                <div class=\"clearfix\"><img decoding=\"async\" src=\"https:\/\/beset.com.tr\/wp-content\/uploads\/2017\/05\/dr-arda-beset.webp\" alt=\"\"><\/div>\n                <div class=\"mate-links\">\n                  <div class=\"brxy-table-container\">\n                    <div class=\"brxy-align-container\">\n                      <div class=\"brxy-moving-wrap\">\n                                            <\/div>\n                    <\/div>\n                  <\/div>\n                <\/div>\n              <\/div>\n              <div class=\"mate-info\">\n                <div class=\"mate-name\"><a href=\"https:\/\/beset.com.tr\/team\/dr-arda-beset\/\">Dr. Arda Beset<\/a><\/div><div class=\"mate-designation\">Architect PhD\/MSc<\/div>              <\/div>\n            <\/div>\n          <\/div>\n                      <div class=\"col-lg-4 col-md-4 col-sm-12\">\n            <div class=\"mate-list\">\n              <div class=\"mate-picture\">\n                <div class=\"clearfix\"><img decoding=\"async\" src=\"https:\/\/beset.com.tr\/wp-content\/uploads\/2025\/10\/gamze-celik-beset.webp\" alt=\"\"><\/div>\n                <div class=\"mate-links\">\n                  <div class=\"brxy-table-container\">\n                    <div class=\"brxy-align-container\">\n                      <div class=\"brxy-moving-wrap\">\n                                            <\/div>\n                    <\/div>\n                  <\/div>\n                <\/div>\n              <\/div>\n              <div class=\"mate-info\">\n                <div class=\"mate-name\"><a>Gamze \u00c7EL\u0130K<\/a><\/div><div class=\"mate-designation\">Architect<\/div>              <\/div>\n            <\/div>\n          <\/div>\n                      <div class=\"col-lg-4 col-md-4 col-sm-12\">\n            <div class=\"mate-list\">\n              <div class=\"mate-picture\">\n                <div class=\"clearfix\"><img decoding=\"async\" src=\"https:\/\/beset.com.tr\/wp-content\/uploads\/2025\/10\/nehir-cetkin-beset.webp\" alt=\"\"><\/div>\n                <div class=\"mate-links\">\n                  <div class=\"brxy-table-container\">\n                    <div class=\"brxy-align-container\">\n                      <div class=\"brxy-moving-wrap\">\n                                            <\/div>\n                    <\/div>\n                  <\/div>\n                <\/div>\n              <\/div>\n              <div class=\"mate-info\">\n                <div class=\"mate-name\"><a>Nehir \u00c7ETK\u0130N<\/a><\/div><div class=\"mate-designation\">Architect<\/div>              <\/div>\n            <\/div>\n          <\/div>\n                      <div class=\"col-lg-4 col-md-4 col-sm-12\">\n            <div class=\"mate-list\">\n              <div class=\"mate-picture\">\n                <div class=\"clearfix\"><img decoding=\"async\" src=\"https:\/\/beset.com.tr\/wp-content\/uploads\/2025\/10\/cuneyt-sarikaya-beset.webp\" alt=\"\"><\/div>\n                <div class=\"mate-links\">\n                  <div class=\"brxy-table-container\">\n                    <div class=\"brxy-align-container\">\n                      <div class=\"brxy-moving-wrap\">\n                                            <\/div>\n                    <\/div>\n                  <\/div>\n                <\/div>\n              <\/div>\n              <div class=\"mate-info\">\n                <div class=\"mate-name\"><a>C\u00fcneyt SARIKAYA<\/a><\/div><div class=\"mate-designation\">Architect<\/div>              <\/div>\n            <\/div>\n          <\/div>\n                      <div class=\"col-lg-4 col-md-4 col-sm-12\">\n            <div class=\"mate-list\">\n              <div class=\"mate-picture\">\n                <div class=\"clearfix\"><img decoding=\"async\" src=\"https:\/\/beset.com.tr\/wp-content\/uploads\/2025\/10\/Ahmet-ALKAN-beset.webp\" alt=\"\"><\/div>\n                <div class=\"mate-links\">\n                  <div class=\"brxy-table-container\">\n                    <div class=\"brxy-align-container\">\n                      <div class=\"brxy-moving-wrap\">\n                                            <\/div>\n                    <\/div>\n                  <\/div>\n                <\/div>\n              <\/div>\n              <div class=\"mate-info\">\n                <div class=\"mate-name\"><a>Ahmet ALKAN<\/a><\/div><div class=\"mate-designation\">Architect<\/div>              <\/div>\n            <\/div>\n          <\/div>\n                      <div class=\"col-lg-4 col-md-4 col-sm-12\">\n            <div class=\"mate-list\">\n              <div class=\"mate-picture\">\n                <div class=\"clearfix\"><img decoding=\"async\" src=\"https:\/\/beset.com.tr\/wp-content\/uploads\/2025\/10\/gizem-coban-beset.webp\" alt=\"\"><\/div>\n                <div class=\"mate-links\">\n                  <div class=\"brxy-table-container\">\n                    <div class=\"brxy-align-container\">\n                      <div class=\"brxy-moving-wrap\">\n                                            <\/div>\n                    <\/div>\n                  <\/div>\n                <\/div>\n              <\/div>\n              <div class=\"mate-info\">\n                <div class=\"mate-name\"><a>Gizem \u00c7OBAN<\/a><\/div><div class=\"mate-designation\">Architect<\/div>              <\/div>\n            <\/div>\n          <\/div>\n                      <div class=\"col-lg-4 col-md-4 col-sm-12\">\n            <div class=\"mate-list\">\n              <div class=\"mate-picture\">\n                <div class=\"clearfix\"><img decoding=\"async\" src=\"https:\/\/beset.com.tr\/wp-content\/uploads\/2025\/10\/gizem-guler-yildirim-beset.webp\" alt=\"\"><\/div>\n                <div class=\"mate-links\">\n                  <div class=\"brxy-table-container\">\n                    <div class=\"brxy-align-container\">\n                      <div class=\"brxy-moving-wrap\">\n                                            <\/div>\n                    <\/div>\n                  <\/div>\n                <\/div>\n              <\/div>\n              <div class=\"mate-info\">\n                <div class=\"mate-name\"><a>Gizem G\u00fcler YILDIRIM<\/a><\/div><div class=\"mate-designation\">Mimar<\/div>              <\/div>\n            <\/div>\n          <\/div>\n                      <div class=\"col-lg-4 col-md-4 col-sm-12\">\n            <div class=\"mate-list\">\n              <div class=\"mate-picture\">\n                <div class=\"clearfix\"><img decoding=\"async\" src=\"https:\/\/beset.com.tr\/wp-content\/uploads\/2025\/10\/ceren-unal-beset.webp\" alt=\"\"><\/div>\n                <div class=\"mate-links\">\n                  <div class=\"brxy-table-container\">\n                    <div class=\"brxy-align-container\">\n                      <div class=\"brxy-moving-wrap\">\n                                            <\/div>\n                    <\/div>\n                  <\/div>\n                <\/div>\n              <\/div>\n              <div class=\"mate-info\">\n                <div class=\"mate-name\"><a>Ceren \u00dcNAL<\/a><\/div><div class=\"mate-designation\">Architect<\/div>              <\/div>\n            <\/div>\n          <\/div>\n                      <div class=\"col-lg-4 col-md-4 col-sm-12\">\n            <div class=\"mate-list\">\n              <div class=\"mate-picture\">\n                <div class=\"clearfix\"><img decoding=\"async\" src=\"https:\/\/beset.com.tr\/wp-content\/uploads\/2025\/10\/ceren-demir-kosaroglu-beset.webp\" alt=\"\"><\/div>\n                <div class=\"mate-links\">\n                  <div class=\"brxy-table-container\">\n                    <div class=\"brxy-align-container\">\n                      <div class=\"brxy-moving-wrap\">\n                                            <\/div>\n                    <\/div>\n                  <\/div>\n                <\/div>\n              <\/div>\n              <div class=\"mate-info\">\n                <div class=\"mate-name\"><a>Ceren DEM\u0130R KO\u015eARO\u011eLU<\/a><\/div><div class=\"mate-designation\">Architect<\/div>              <\/div>\n            <\/div>\n          <\/div>\n                      <div class=\"col-lg-4 col-md-4 col-sm-12\">\n            <div class=\"mate-list\">\n              <div class=\"mate-picture\">\n                <div class=\"clearfix\"><img decoding=\"async\" src=\"https:\/\/beset.com.tr\/wp-content\/uploads\/2025\/10\/nazim-dogan-beset.webp\" alt=\"\"><\/div>\n                <div class=\"mate-links\">\n                  <div class=\"brxy-table-container\">\n                    <div class=\"brxy-align-container\">\n                      <div class=\"brxy-moving-wrap\">\n                                            <\/div>\n                    <\/div>\n                  <\/div>\n                <\/div>\n              <\/div>\n              <div class=\"mate-info\">\n                <div class=\"mate-name\"><a>Naz\u0131m DO\u011eAN<\/a><\/div><div class=\"mate-designation\">Architect<\/div>              <\/div>\n            <\/div>\n          <\/div>\n                      <div class=\"col-lg-4 col-md-4 col-sm-12\">\n            <div class=\"mate-list\">\n              <div class=\"mate-picture\">\n                <div class=\"clearfix\"><img decoding=\"async\" src=\"https:\/\/beset.com.tr\/wp-content\/uploads\/2025\/10\/isil-catkin-beset.webp\" alt=\"\"><\/div>\n                <div class=\"mate-links\">\n                  <div class=\"brxy-table-container\">\n                    <div class=\"brxy-align-container\">\n                      <div class=\"brxy-moving-wrap\">\n                                            <\/div>\n                    <\/div>\n                  <\/div>\n                <\/div>\n              <\/div>\n              <div class=\"mate-info\">\n                <div class=\"mate-name\"><a>I\u015f\u0131l \u00c7ATKIN<\/a><\/div><div class=\"mate-designation\">Architect<\/div>              <\/div>\n            <\/div>\n          <\/div>\n                      <div class=\"col-lg-4 col-md-4 col-sm-12\">\n            <div class=\"mate-list\">\n              <div class=\"mate-picture\">\n                <div class=\"clearfix\"><img decoding=\"async\" src=\"https:\/\/beset.com.tr\/wp-content\/uploads\/2025\/10\/yunus-gumus-beset.webp\" alt=\"\"><\/div>\n                <div class=\"mate-links\">\n                  <div class=\"brxy-table-container\">\n                    <div class=\"brxy-align-container\">\n                      <div class=\"brxy-moving-wrap\">\n                                            <\/div>\n                    <\/div>\n                  <\/div>\n                <\/div>\n              <\/div>\n              <div class=\"mate-info\">\n                <div class=\"mate-name\"><a>Yunus G\u00dcM\u00dc\u015e<\/a><\/div><div class=\"mate-designation\">Civil Engineer<\/div>              <\/div>\n            <\/div>\n          <\/div>\n                      <div class=\"col-lg-4 col-md-4 col-sm-12\">\n            <div class=\"mate-list\">\n              <div class=\"mate-picture\">\n                <div class=\"clearfix\"><img decoding=\"async\" src=\"https:\/\/beset.com.tr\/wp-content\/uploads\/2025\/10\/enes-gundogdu-beset.webp\" alt=\"\"><\/div>\n                <div class=\"mate-links\">\n                  <div class=\"brxy-table-container\">\n                    <div class=\"brxy-align-container\">\n                      <div class=\"brxy-moving-wrap\">\n                                            <\/div>\n                    <\/div>\n                  <\/div>\n                <\/div>\n              <\/div>\n              <div class=\"mate-info\">\n                <div class=\"mate-name\"><a>Enes G\u00dcNDO\u011eDU<\/a><\/div><div class=\"mate-designation\">Ula\u015ft\u0131rma<\/div>              <\/div>\n            <\/div>\n          <\/div>\n                      <div class=\"col-lg-4 col-md-4 col-sm-12\">\n            <div class=\"mate-list\">\n              <div class=\"mate-picture\">\n                <div class=\"clearfix\"><img decoding=\"async\" src=\"https:\/\/beset.com.tr\/wp-content\/uploads\/2025\/10\/jale-urem-beset.webp\" alt=\"\"><\/div>\n                <div class=\"mate-links\">\n                  <div class=\"brxy-table-container\">\n                    <div class=\"brxy-align-container\">\n                      <div class=\"brxy-moving-wrap\">\n                                            <\/div>\n                    <\/div>\n                  <\/div>\n                <\/div>\n              <\/div>\n              <div class=\"mate-info\">\n                <div class=\"mate-name\"><a>Jale \u00dcREM<\/a><\/div><div class=\"mate-designation\">Office Lady<\/div>              <\/div>\n            <\/div>\n          <\/div>\n                      <div class=\"col-lg-4 col-md-4 col-sm-12\">\n            <div class=\"mate-list\">\n              <div class=\"mate-picture\">\n                <div class=\"clearfix\"><img decoding=\"async\" src=\"https:\/\/beset.com.tr\/wp-content\/uploads\/2025\/10\/biray-akkus-beset.webp\" alt=\"\"><\/div>\n                <div class=\"mate-links\">\n                  <div class=\"brxy-table-container\">\n                    <div class=\"brxy-align-container\">\n                      <div class=\"brxy-moving-wrap\">\n                                            <\/div>\n                    <\/div>\n                  <\/div>\n                <\/div>\n              <\/div>\n              <div class=\"mate-info\">\n                <div class=\"mate-name\"><a>Biray AKKU\u015e<\/a><\/div><div class=\"mate-designation\">Intern Architect<\/div>              <\/div>\n            <\/div>\n          <\/div>\n                      <\/div> <!-- row -->\n        <\/div> <!-- wrap -->\n      <\/div> <!-- container -->\n    <\/div> <!-- team End -->\n    [\/vc_column][\/vc_row]<\/p>\n<\/div>","protected":false},"excerpt":{"rendered":"[vc_row overlay_dotted=&#8221;&#8221; el_class=&#8221;container&#8221; css=&#8221;.vc_custom_1711534557474{padding-top: 70px !important;padding-bottom: 40px !important;}&#8221;][vc_column css=&#8221;.vc_custom_1494933660433{padding-right: 0px !important;padding-left: 0px !important;}&#8221;][vc_custom_heading source=&#8221;post_title&#8221; font_container=&#8221;tag:h1|text_align:center&#8221; use_theme_fonts=&#8221;yes&#8221;][vc_empty_space height=&#8221;35px&#8221;][\/vc_column][\/vc_row]","protected":false},"author":1,"featured_media":0,"parent":0,"menu_order":0,"comment_status":"closed","ping_status":"closed","template":"","meta":{"footnotes":""},"class_list":["post-2793","page","type-page","status-publish","hentry"],"_links":{"self":[{"href":"https:\/\/beset.com.tr\/en\/wp-json\/wp\/v2\/pages\/2793","targetHints":{"allow":["GET"]}}],"collection":[{"href":"https:\/\/beset.com.tr\/en\/wp-json\/wp\/v2\/pages"}],"about":[{"href":"https:\/\/beset.com.tr\/en\/wp-json\/wp\/v2\/types\/page"}],"author":[{"embeddable":true,"href":"https:\/\/beset.com.tr\/en\/wp-json\/wp\/v2\/users\/1"}],"replies":[{"embeddable":true,"href":"https:\/\/beset.com.tr\/en\/wp-json\/wp\/v2\/comments?post=2793"}],"version-history":[{"count":5,"href":"https:\/\/beset.com.tr\/en\/wp-json\/wp\/v2\/pages\/2793\/revisions"}],"predecessor-version":[{"id":3735,"href":"https:\/\/beset.com.tr\/en\/wp-json\/wp\/v2\/pages\/2793\/revisions\/3735"}],"wp:attachment":[{"href":"https:\/\/beset.com.tr\/en\/wp-json\/wp\/v2\/media?parent=2793"}],"curies":[{"name":"wp","href":"https:\/\/api.w.org\/{rel}","templated":true}]}}