{"id":2794,"date":"2024-03-27T10:27:54","date_gmt":"2024-03-27T10:27:54","guid":{"rendered":"https:\/\/beset.com.tr\/bir-bakista-beset\/"},"modified":"2024-06-27T08:45:23","modified_gmt":"2024-06-27T08:45:23","slug":"at-a-glance-beset","status":"publish","type":"page","link":"https:\/\/beset.com.tr\/en\/at-a-glance-beset\/","title":{"rendered":"At a Glance BESET"},"content":{"rendered":"<div class=\"wpb-content-wrapper\"><p>[vc_row overlay_dotted=&#8221;&#8221; el_class=&#8221;container&#8221; css=&#8221;.vc_custom_1711534557474{padding-top: 70px !important;padding-bottom: 40px !important;}&#8221;][vc_column css=&#8221;.vc_custom_1494933660433{padding-right: 0px !important;padding-left: 0px !important;}&#8221;][vc_custom_heading source=&#8221;post_title&#8221; font_container=&#8221;tag:h1|text_align:center&#8221; use_theme_fonts=&#8221;yes&#8221;][vc_empty_space height=&#8221;20px&#8221;]<style type=\"text\/css\">.vcmp-timeline-1 {\r\n\t\t\t\t\t\tcolor:#383838;\t\t\t\t\t\t\r\n\t\t\t}\r\n\t\t\t.vcmp-timeline-1 a {\r\n\t\t\t\t\t\tcolor:#383838;\t\t\t\t\t\t\r\n\t\t\t}\r\n\t\t\t.vcmp-timeline-1 a:hover {\r\n\t\t\t\t\t\tcolor:#8a8a8a;\t\t\t\t\t\t\r\n\t\t\t}\t\t\t\r\n\t\t\t.vcmp-timeline-1 .vcmp-timeline-content,\r\n\t\t\t.vcmp-timeline-1 .vcmp_format_icon > span {\r\n\t\t\t\t\t\tbackground:#ffffff;\r\n\t\t\t}\r\n\t\t\t.vcmp-timeline-1 .vcmp-timeline-block:nth-child(1n) .vcmp-timeline-content::before {\r\n\t\t\t\t\t\tborder-left-color:#ffffff;\r\n\t\t\t}\r\n\t\t\t.vcmp-timeline-1 .vcmp-timeline-block:nth-child(even) .vcmp-timeline-content::before {\r\n\t\t\t\t\t\tborder-right-color:#ffffff!important;\t\r\n\t\t\t}\r\n\t\t\t.vcmp-timeline-1 #vcmp-timeline:before {\r\n\t\t\t\t\t\tbackground:rgba(0,0,0,0.3);\r\n\t\t\t}\r\n\t\t\t.vcmp-timeline-1 .vcmp-timeline-content .vcmp-read-more {\r\n\t\t\t\t\t\tbackground:#383838;\r\n\t\t\t<\/style><script type=\"text\/javascript\">\t\r\n\t\t\t\t\t\t\t\tjQuery(document).ready(function($){\r\n\t\t\t\t\t\t\t\t\t$('.vcmp-timeline-1 .vcmp-zoom-image').magnificPopup({\r\n\t\t\t\t\t\t\t\t\t\ttype: 'image',\r\n\t\t\t\t\t\t\t\t\t\t\tgallery:{\r\n\t\t\t\t\t\t\t\t\t\t\t\tenabled:true\r\n\t\t\t\t\t\t\t\t\t\t\t}\r\n\t\t\t\t\t\t\t\t\t});\r\n\t\t\t\t\t\t\t\t});\r\n\t\t\t\t\t\t\t<\/script><div class=\"vcmp-timeline vcmp-1 vcmp_posts vcmp-timeline-style1 vcmp-timeline-1 animate-in\" data-anim-type=\"fade-in\" data-anim-delay=\"0\"><section id=\"vcmp-timeline\" class=\"vcmp-container\"><div class=\"vcmp-timeline-block\">\r\n\t\t\t\t\t\t\t\t<div class=\"vcmp-timeline-img animate-in\" data-anim-type=\"fade-in\" data-anim-delay=\"0\">\r\n\t\t\t\t\t\t\t\t\t<div class=\"vcmp_format_icon\"><span class=\"adtheme-icon-file3\"><\/span><\/div>\r\n\t\t\t\t\t\t\t\t<\/div><div class=\"vcmp-timeline-content animate-in\" data-anim-type=\"fade-in\" data-anim-delay=\"0\"><h2><a href=\"https:\/\/beset.com.tr\/en\/1964-1967\/\">1964-1967<\/a><\/h2><p>MEHMET BESET \u00c7e\u015fitli mesleki \u00e7al\u0131\u015fmalar<\/p><span class=\"vcmp-date\">2024\/03\/27<\/span>\r\n\t\t\t\t\t\t\t<\/div>\r\n\t\t\t\t\t\t\t<\/div><div class=\"vcmp-timeline-block\">\r\n\t\t\t\t\t\t\t\t<div class=\"vcmp-timeline-img animate-in\" data-anim-type=\"fade-in\" data-anim-delay=\"0\">\r\n\t\t\t\t\t\t\t\t\t<div class=\"vcmp_format_icon\"><span class=\"adtheme-icon-file3\"><\/span><\/div>\r\n\t\t\t\t\t\t\t\t<\/div><div class=\"vcmp-timeline-content animate-in\" data-anim-type=\"fade-in\" data-anim-delay=\"0\"><h2><a href=\"https:\/\/beset.com.tr\/en\/1967-1972\/\">1967-1972<\/a><\/h2><p>MEHMET BESET M\u0130MARLIK B\u00dcROSU Proje, kontroll\u00fck in\u015faat i\u015fleri<\/p><span class=\"vcmp-date\">2024\/03\/27<\/span>\r\n\t\t\t\t\t\t\t<\/div>\r\n\t\t\t\t\t\t\t<\/div><div class=\"vcmp-timeline-block\">\r\n\t\t\t\t\t\t\t\t<div class=\"vcmp-timeline-img animate-in\" data-anim-type=\"fade-in\" data-anim-delay=\"0\">\r\n\t\t\t\t\t\t\t\t\t<div class=\"vcmp_format_icon\"><span class=\"adtheme-icon-file3\"><\/span><\/div>\r\n\t\t\t\t\t\t\t\t<\/div><div class=\"vcmp-timeline-content animate-in\" data-anim-type=\"fade-in\" data-anim-delay=\"0\"><h2><a href=\"https:\/\/beset.com.tr\/en\/1972-1986\/\">1972-1986<\/a><\/h2><p>MEHMET \u2013 ERG\u0130N AKMAN PLANLAMA B\u00dcROSU Proje i\u015fleri<\/p><span class=\"vcmp-date\">2024\/03\/27<\/span>\r\n\t\t\t\t\t\t\t<\/div>\r\n\t\t\t\t\t\t\t<\/div><div class=\"vcmp-timeline-block\">\r\n\t\t\t\t\t\t\t\t<div class=\"vcmp-timeline-img animate-in\" data-anim-type=\"fade-in\" data-anim-delay=\"0\">\r\n\t\t\t\t\t\t\t\t\t<div class=\"vcmp_format_icon\"><span class=\"adtheme-icon-file3\"><\/span><\/div>\r\n\t\t\t\t\t\t\t\t<\/div><div class=\"vcmp-timeline-content animate-in\" data-anim-type=\"fade-in\" data-anim-delay=\"0\"><h2><a href=\"https:\/\/beset.com.tr\/en\/1986-1988\/\">1986-1988<\/a><\/h2><p>MEHMET BESET PLANLAMA B\u00dcROSU Proje, \u0130n\u015faat i\u015fleri<\/p><span class=\"vcmp-date\">2024\/03\/27<\/span>\r\n\t\t\t\t\t\t\t<\/div>\r\n\t\t\t\t\t\t\t<\/div><div class=\"vcmp-timeline-block\">\r\n\t\t\t\t\t\t\t\t<div class=\"vcmp-timeline-img animate-in\" data-anim-type=\"fade-in\" data-anim-delay=\"0\">\r\n\t\t\t\t\t\t\t\t\t<div class=\"vcmp_format_icon\"><span class=\"adtheme-icon-file3\"><\/span><\/div>\r\n\t\t\t\t\t\t\t\t<\/div><div class=\"vcmp-timeline-content animate-in\" data-anim-type=\"fade-in\" data-anim-delay=\"0\"><h2><a href=\"https:\/\/beset.com.tr\/en\/1988-2016\/\">1988-2016<\/a><\/h2><p>BESET M\u0130MARLK Proje, kontroll\u00fck in\u015faat i\u015fleri<\/p><span class=\"vcmp-date\">2024\/03\/27<\/span>\r\n\t\t\t\t\t\t\t<\/div>\r\n\t\t\t\t\t\t\t<\/div><div class=\"vcmp-timeline-block\">\r\n\t\t\t\t\t\t\t\t<div class=\"vcmp-timeline-img animate-in\" data-anim-type=\"fade-in\" data-anim-delay=\"0\">\r\n\t\t\t\t\t\t\t\t\t<div class=\"vcmp_format_icon\"><span class=\"adtheme-icon-file3\"><\/span><\/div>\r\n\t\t\t\t\t\t\t\t<\/div><div class=\"vcmp-timeline-content animate-in\" data-anim-type=\"fade-in\" data-anim-delay=\"0\"><h2><a href=\"https:\/\/beset.com.tr\/en\/2016dan-itibaren\/\">2016\u2019DAN \u0130T\u0130BAREN<\/a><\/h2><p>BESET M\u0130MAR\u0130 STUDIO A\u015e. Proje, kontroll\u00fck in\u015faat i\u015fleri<\/p><span class=\"vcmp-date\">2024\/03\/27<\/span>\r\n\t\t\t\t\t\t\t<\/div>\r\n\t\t\t\t\t\t\t<\/div><\/section><\/div>[\/vc_column][\/vc_row]<\/p>\n<\/div>","protected":false},"excerpt":{"rendered":"[vc_row overlay_dotted=&#8221;&#8221; el_class=&#8221;container&#8221; css=&#8221;.vc_custom_1711534557474{padding-top: 70px !important;padding-bottom: 40px !important;}&#8221;][vc_column css=&#8221;.vc_custom_1494933660433{padding-right: 0px !important;padding-left: 0px !important;}&#8221;][vc_custom_heading source=&#8221;post_title&#8221; font_container=&#8221;tag:h1|text_align:center&#8221; use_theme_fonts=&#8221;yes&#8221;][vc_empty_space height=&#8221;20px&#8221;][\/vc_column][\/vc_row]","protected":false},"author":1,"featured_media":0,"parent":0,"menu_order":0,"comment_status":"closed","ping_status":"closed","template":"","meta":{"footnotes":""},"class_list":["post-2794","page","type-page","status-publish","hentry"],"_links":{"self":[{"href":"https:\/\/beset.com.tr\/en\/wp-json\/wp\/v2\/pages\/2794","targetHints":{"allow":["GET"]}}],"collection":[{"href":"https:\/\/beset.com.tr\/en\/wp-json\/wp\/v2\/pages"}],"about":[{"href":"https:\/\/beset.com.tr\/en\/wp-json\/wp\/v2\/types\/page"}],"author":[{"embeddable":true,"href":"https:\/\/beset.com.tr\/en\/wp-json\/wp\/v2\/users\/1"}],"replies":[{"embeddable":true,"href":"https:\/\/beset.com.tr\/en\/wp-json\/wp\/v2\/comments?post=2794"}],"version-history":[{"count":2,"href":"https:\/\/beset.com.tr\/en\/wp-json\/wp\/v2\/pages\/2794\/revisions"}],"predecessor-version":[{"id":2876,"href":"https:\/\/beset.com.tr\/en\/wp-json\/wp\/v2\/pages\/2794\/revisions\/2876"}],"wp:attachment":[{"href":"https:\/\/beset.com.tr\/en\/wp-json\/wp\/v2\/media?parent=2794"}],"curies":[{"name":"wp","href":"https:\/\/api.w.org\/{rel}","templated":true}]}}